{"id":7,"date":"2025-03-21T16:14:10","date_gmt":"2025-03-21T16:14:10","guid":{"rendered":"https:\/\/nuevolabea.criba.edu.ar\/?page_id=7"},"modified":"2025-04-03T17:50:47","modified_gmt":"2025-04-03T17:50:47","slug":"laboratorio-de-estudios-apicolas","status":"publish","type":"page","link":"https:\/\/nuevolabea.criba.edu.ar\/","title":{"rendered":"Laboratorio de Estudios Ap\u00edcolas"},"content":{"rendered":"\t\t<div data-elementor-type=\"wp-page\" data-elementor-id=\"7\" class=\"elementor elementor-7\">\n\t\t\t\t<div class=\"elementor-element elementor-element-4a70b69 e-flex e-con-boxed e-con e-parent\" data-id=\"4a70b69\" data-element_type=\"container\">\n\t\t\t\t\t<div class=\"e-con-inner\">\n\t\t\t\t<div class=\"elementor-element elementor-element-7caedd4 elementor-widget elementor-widget-text-editor\" data-id=\"7caedd4\" data-element_type=\"widget\" data-widget_type=\"text-editor.default\">\n\t\t\t\t<div class=\"elementor-widget-container\">\n\t\t\t\t\t\t\t\t\t<p><img decoding=\"async\" class=\"size-full wp-image-10 alignleft\" src=\"https:\/\/nuevolabea.criba.edu.ar\/wp-content\/uploads\/2025\/03\/imgPortada.jpg\" alt=\"\" width=\"240\" height=\"180\" \/>La apicultura constituye una importante fuente de trabajo y de ingresos en la Rep\u00fablica Argentina, cuya principal cuenca mel\u00edfera es la regi\u00f3n Pampeana. Desde hace muchos a\u00f1os nuestro pa\u00eds se posiciona entre los primeros productores y exportadores mundiales de miel y la Provincia de Buenos aporta aproximadamente la mitad de la producci\u00f3n. Por otro lado, la contribuci\u00f3n m\u00e1s relevante de la apicultura, aunque muy dif\u00edcil de cuantificar, es la referida a la producci\u00f3n de alimentos y a la sustentabilidad ambiental a trav\u00e9s del servicio de polinizaci\u00f3n.<\/p><p><span style=\"font-style: inherit; font-weight: inherit; color: var( --e-global-color-text ); font-family: var( --e-global-typography-text-font-family ), Sans-serif; text-align: var(--text-align); background-color: var(--ast-global-color-4);\">El Laboratorio de Estudios Ap\u00edcolas (LabEA) del\u00a0<\/span><a style=\"font-style: inherit; font-weight: inherit; font-family: var( --e-global-typography-text-font-family ), Sans-serif; text-align: var(--text-align);\" href=\"https:\/\/www.uns.edu.ar\/deptos\/agronomia\" target=\"_blank\" rel=\"noopener\">Departamento de Agronom\u00eda<\/a><span style=\"font-style: inherit; font-weight: inherit; color: var( --e-global-color-text ); font-family: var( --e-global-typography-text-font-family ), Sans-serif; text-align: var(--text-align); background-color: var(--ast-global-color-4);\">\u00a0de la\u00a0<\/span><a style=\"font-style: inherit; font-weight: inherit; font-family: var( --e-global-typography-text-font-family ), Sans-serif; text-align: var(--text-align);\" href=\"http:\/\/www.uns.edu.ar\/\" target=\"_blank\" rel=\"noopener\">Universidad Nacional del Sur<\/a><span style=\"font-style: inherit; font-weight: inherit; color: var( --e-global-color-text ); font-family: var( --e-global-typography-text-font-family ), Sans-serif; text-align: var(--text-align); background-color: var(--ast-global-color-4);\">\u00a0fue creado por la Asamblea Universitaria en diciembre de 2009 sobre la base del Laboratorio de Calidad de Mieles, existente desde 1994. Mediante un acuerdo suscripto el 2 de agosto de 2013 con la\u00a0<\/span><a style=\"font-style: inherit; font-weight: inherit; font-family: var( --e-global-typography-text-font-family ), Sans-serif; text-align: var(--text-align);\" href=\"https:\/\/www.cic.gba.gob.ar\/\" target=\"_blank\" rel=\"noopener\">Comisi\u00f3n de Investigaciones Cient\u00edficas de la Provincia de Buenos Aires (CIC)<\/a><span style=\"font-style: inherit; font-weight: inherit; color: var( --e-global-color-text ); font-family: var( --e-global-typography-text-font-family ), Sans-serif; text-align: var(--text-align); background-color: var(--ast-global-color-4);\">, pas\u00f3 a ser un centro vinculado de la misma. En el LabEA se llevan adelante estudios en el campo de la apidolog\u00eda, y en particular de la apicultura, con un enfoque multidisciplinario. Se realizan y coordinan actividades de investigaci\u00f3n, dictado de cursos de grado y de posgrado, publicaciones, actividades de divulgaci\u00f3n y servicios. El grupo incluye miembros de la Cooperativa de Trabajo Ap\u00edcola Pampero, entidad con la que existe un convenio de colaboraci\u00f3n y que a su vez articula sus acciones con la C\u00e1mara de apicultores Pampero. Esto facilita el v\u00ednculo con la problem\u00e1tica regional y retroalimenta al equipo, que cuenta adem\u00e1s con el apoyo de investigadores de otras instituciones nacionales y extranjeras.<\/span><\/p>\t\t\t\t\t\t\t\t<\/div>\n\t\t\t\t<\/div>\n\t\t\t\t\t<\/div>\n\t\t\t\t<\/div>\n\t\t<div class=\"elementor-element elementor-element-d03f2d4 e-flex e-con-boxed e-con e-parent\" data-id=\"d03f2d4\" data-element_type=\"container\">\n\t\t\t\t\t<div class=\"e-con-inner\">\n\t\t\t\t<div class=\"elementor-element elementor-element-ad434c1 elementor-widget elementor-widget-heading\" data-id=\"ad434c1\" data-element_type=\"widget\" data-widget_type=\"heading.default\">\n\t\t\t\t<div class=\"elementor-widget-container\">\n\t\t\t\t\t<h2 class=\"elementor-heading-title elementor-size-default\">Novedades<\/h2>\t\t\t\t<\/div>\n\t\t\t\t<\/div>\n\t\t\t\t\t<\/div>\n\t\t\t\t<\/div>\n\t\t<div class=\"elementor-element elementor-element-5d56327 e-flex e-con-boxed e-con e-parent\" data-id=\"5d56327\" data-element_type=\"container\">\n\t\t\t\t\t<div class=\"e-con-inner\">\n\t\t\t\t<div class=\"elementor-element elementor-element-f52941e elementor-grid-3 elementor-grid-tablet-2 elementor-grid-mobile-1 elementor-posts--align-left elementor-widget elementor-widget-post-card-elementor-widget\" data-id=\"f52941e\" data-element_type=\"widget\" data-settings=\"{&quot;post_card_columns&quot;:&quot;3&quot;,&quot;post_card_columns_tablet&quot;:&quot;2&quot;,&quot;post_card_columns_mobile&quot;:&quot;1&quot;,&quot;post_card_grid_gap&quot;:{&quot;unit&quot;:&quot;px&quot;,&quot;size&quot;:30,&quot;sizes&quot;:[]},&quot;post_card_row_gap&quot;:{&quot;unit&quot;:&quot;px&quot;,&quot;size&quot;:35,&quot;sizes&quot;:[]}}\" data-widget_type=\"post-card-elementor-widget.default\">\n\t\t\t\t<div class=\"elementor-widget-container\">\n\t\t\t\t\t \r\n            <div class=\"post_card grid-container post-card-grid-gap elementor-grid post-card-style-2 elementor-grid-3\" > \r\n                <!-- Start Post Card 2 -->\r\n<article class=\"grid-item column post-card-container\">\r\n    <div class=\"post-card-image post-card-box-radius post-module\">\r\n        <!-- Thumbnail-->\r\n                    <div class=\"card-image post-card_thumbnail post-card-item_img\">\r\n                <a href=\"https:\/\/nuevolabea.criba.edu.ar\/?p=148\"><img fetchpriority=\"high\" decoding=\"async\" width=\"768\" height=\"714\" src=\"https:\/\/nuevolabea.criba.edu.ar\/wp-content\/uploads\/2025\/04\/487509078_672486515470529_976899737339309090_n-e1743701722351-768x714.jpg\" class=\"attachment-medium_large size-medium_large wp-post-image\" alt=\"\" srcset=\"https:\/\/nuevolabea.criba.edu.ar\/wp-content\/uploads\/2025\/04\/487509078_672486515470529_976899737339309090_n-e1743701722351-768x714.jpg 768w, https:\/\/nuevolabea.criba.edu.ar\/wp-content\/uploads\/2025\/04\/487509078_672486515470529_976899737339309090_n-e1743701722351-300x279.jpg 300w, https:\/\/nuevolabea.criba.edu.ar\/wp-content\/uploads\/2025\/04\/487509078_672486515470529_976899737339309090_n-e1743701722351-1024x951.jpg 1024w, https:\/\/nuevolabea.criba.edu.ar\/wp-content\/uploads\/2025\/04\/487509078_672486515470529_976899737339309090_n-e1743701722351.jpg 1536w\" sizes=\"(max-width: 768px) 100vw, 768px\" \/><\/a>\r\n            <\/div>\r\n                <div class=\"post-content post-card-content-bg-box\">\r\n            <div class=\"card_meta post-card_category\">\r\n                <a class=\"category\"><span class=\"cat-links\"><span class=\"screen-reader-text\">Posted in<\/span><a href=\"https:\/\/nuevolabea.criba.edu.ar\/?cat=20\" rel=\"category\">Investigaci\u00f3n<\/a><\/span><\/a>\r\n            <\/div>\r\n                            <div class=\"date post-card_date\">\r\n                    <div class=\"day post-card_date_color\">09 Dic, 2024<\/div>\r\n                <\/div>\r\n                        <div class=\"card_title\">\r\n                                    <h2 class=\"title post-card_title post-card-alignment\">\r\n                    <a href=\"https:\/\/nuevolabea.criba.edu.ar\/?p=148\">Estancia de investigaci\u00f3n<\/a>\r\n                    <\/h2>\r\n                                                    <p class=\"description post-card_excerpt post-card-alignment\">\r\n                        M. Agustina Rodr\u00edguez realiz\u00f3 una estancia de investigaci\u00f3n en la Universidad de Murcia, Espa\u00f1a, donde particip\u00f3 en el an\u00e1lisis de<a href=\"https:\/\/nuevolabea.criba.edu.ar\/?p=148\" rel=\"bookmark\" class=\"entry-read-more post-card_read-more\"> &nbsp;Leer m\u00e1s \u00bb<\/a>                    <\/p>\r\n                            <\/div>\r\n        <\/div>\r\n        <div class=\"card_action post-card-content-bg-box\">\r\n            <div class=\"card_author post-card_meta-data\">\r\n                            <\/div>\r\n        <\/div>\r\n    <\/div>\r\n<\/article>\r\n<!-- End Post Card -->\r\n<!-- Start Post Card 2 -->\r\n<article class=\"grid-item column post-card-container\">\r\n    <div class=\"post-card-image post-card-box-radius post-module\">\r\n        <!-- Thumbnail-->\r\n                    <div class=\"card-image post-card_thumbnail post-card-item_img\">\r\n                <a href=\"https:\/\/nuevolabea.criba.edu.ar\/?p=141\"><img decoding=\"async\" width=\"768\" height=\"459\" src=\"https:\/\/nuevolabea.criba.edu.ar\/wp-content\/uploads\/2025\/04\/488221961_672249502160897_917099648123376092_n-e1743701316818-768x459.jpg\" class=\"attachment-medium_large size-medium_large wp-post-image\" alt=\"\" srcset=\"https:\/\/nuevolabea.criba.edu.ar\/wp-content\/uploads\/2025\/04\/488221961_672249502160897_917099648123376092_n-e1743701316818-768x459.jpg 768w, https:\/\/nuevolabea.criba.edu.ar\/wp-content\/uploads\/2025\/04\/488221961_672249502160897_917099648123376092_n-e1743701316818-300x179.jpg 300w, https:\/\/nuevolabea.criba.edu.ar\/wp-content\/uploads\/2025\/04\/488221961_672249502160897_917099648123376092_n-e1743701316818-1024x612.jpg 1024w, https:\/\/nuevolabea.criba.edu.ar\/wp-content\/uploads\/2025\/04\/488221961_672249502160897_917099648123376092_n-e1743701316818-1536x918.jpg 1536w, https:\/\/nuevolabea.criba.edu.ar\/wp-content\/uploads\/2025\/04\/488221961_672249502160897_917099648123376092_n-e1743701316818.jpg 1542w\" sizes=\"(max-width: 768px) 100vw, 768px\" \/><\/a>\r\n            <\/div>\r\n                <div class=\"post-content post-card-content-bg-box\">\r\n            <div class=\"card_meta post-card_category\">\r\n                <a class=\"category\"><span class=\"cat-links\"><span class=\"screen-reader-text\">Posted in<\/span><a href=\"https:\/\/nuevolabea.criba.edu.ar\/?cat=18\" rel=\"category\">Docencia<\/a><\/span><\/a>\r\n            <\/div>\r\n                            <div class=\"date post-card_date\">\r\n                    <div class=\"day post-card_date_color\">27 Nov, 2024<\/div>\r\n                <\/div>\r\n                        <div class=\"card_title\">\r\n                                    <h2 class=\"title post-card_title post-card-alignment\">\r\n                    <a href=\"https:\/\/nuevolabea.criba.edu.ar\/?p=141\">Nueva T\u00e9cnica Universitaria en Parques y Jardines<\/a>\r\n                    <\/h2>\r\n                                                    <p class=\"description post-card_excerpt post-card-alignment\">\r\n                        El LabEA otra vez se alegra de acompa\u00f1ar a una (ahora \"ex\") alumna. \u00a1\u00a1\u00a1\u00a1\u00a1Felicitaciones a la nueva T\u00e9cnica Universitaria en<a href=\"https:\/\/nuevolabea.criba.edu.ar\/?p=141\" rel=\"bookmark\" class=\"entry-read-more post-card_read-more\"> &nbsp;Leer m\u00e1s \u00bb<\/a>                    <\/p>\r\n                            <\/div>\r\n        <\/div>\r\n        <div class=\"card_action post-card-content-bg-box\">\r\n            <div class=\"card_author post-card_meta-data\">\r\n                            <\/div>\r\n        <\/div>\r\n    <\/div>\r\n<\/article>\r\n<!-- End Post Card -->\r\n            <\/div> \r\n            \t\t\t\t<\/div>\n\t\t\t\t<\/div>\n\t\t\t\t\t<\/div>\n\t\t\t\t<\/div>\n\t\t<div class=\"elementor-element elementor-element-0498cee e-flex e-con-boxed e-con e-parent\" data-id=\"0498cee\" data-element_type=\"container\" data-settings=\"{&quot;background_background&quot;:&quot;classic&quot;}\">\n\t\t\t\t\t<div class=\"e-con-inner\">\n\t\t<div class=\"elementor-element elementor-element-9cd7958 e-con-full e-flex e-con e-child\" data-id=\"9cd7958\" data-element_type=\"container\">\n\t\t\t\t<div class=\"elementor-element elementor-element-1ee66ad elementor-widget elementor-widget-image\" data-id=\"1ee66ad\" data-element_type=\"widget\" data-widget_type=\"image.default\">\n\t\t\t\t<div class=\"elementor-widget-container\">\n\t\t\t\t\t\t\t\t\t\t\t\t\t\t\t\t<a href=\"http:\/\/www.uns.edu.ar\/\">\n\t\t\t\t\t\t\t<img loading=\"lazy\" decoding=\"async\" width=\"180\" height=\"182\" src=\"https:\/\/nuevolabea.criba.edu.ar\/wp-content\/uploads\/2025\/03\/uns.png\" class=\"attachment-large size-large wp-image-113\" alt=\"\" \/>\t\t\t\t\t\t\t\t<\/a>\n\t\t\t\t\t\t\t\t\t\t\t\t\t\t\t<\/div>\n\t\t\t\t<\/div>\n\t\t\t\t<\/div>\n\t\t<div class=\"elementor-element elementor-element-64634bf e-con-full e-flex e-con e-child\" data-id=\"64634bf\" data-element_type=\"container\">\n\t\t\t\t<div class=\"elementor-element elementor-element-994d0dc elementor-widget elementor-widget-image\" data-id=\"994d0dc\" data-element_type=\"widget\" data-widget_type=\"image.default\">\n\t\t\t\t<div class=\"elementor-widget-container\">\n\t\t\t\t\t\t\t\t\t\t\t\t\t\t\t\t<a href=\"http:\/\/www.cic.gba.gob.ar\/\">\n\t\t\t\t\t\t\t<img loading=\"lazy\" decoding=\"async\" width=\"595\" height=\"106\" src=\"https:\/\/nuevolabea.criba.edu.ar\/wp-content\/uploads\/2025\/03\/cic.jpg\" class=\"attachment-large size-large wp-image-112\" alt=\"\" srcset=\"https:\/\/nuevolabea.criba.edu.ar\/wp-content\/uploads\/2025\/03\/cic.jpg 595w, https:\/\/nuevolabea.criba.edu.ar\/wp-content\/uploads\/2025\/03\/cic-300x53.jpg 300w\" sizes=\"(max-width: 595px) 100vw, 595px\" \/>\t\t\t\t\t\t\t\t<\/a>\n\t\t\t\t\t\t\t\t\t\t\t\t\t\t\t<\/div>\n\t\t\t\t<\/div>\n\t\t\t\t<\/div>\n\t\t<div class=\"elementor-element elementor-element-ce74b46 e-con-full e-flex e-con e-child\" data-id=\"ce74b46\" data-element_type=\"container\">\n\t\t\t\t<div class=\"elementor-element elementor-element-ad1e92c elementor-widget elementor-widget-image\" data-id=\"ad1e92c\" data-element_type=\"widget\" data-widget_type=\"image.default\">\n\t\t\t\t<div class=\"elementor-widget-container\">\n\t\t\t\t\t\t\t\t\t\t\t\t\t\t\t\t<a href=\"https:\/\/eunk.org\/\">\n\t\t\t\t\t\t\t<img loading=\"lazy\" decoding=\"async\" width=\"1024\" height=\"379\" src=\"https:\/\/nuevolabea.criba.edu.ar\/wp-content\/uploads\/2025\/03\/eunk_es_ES-1024x379.png\" class=\"attachment-large size-large wp-image-115\" alt=\"\" srcset=\"https:\/\/nuevolabea.criba.edu.ar\/wp-content\/uploads\/2025\/03\/eunk_es_ES-1024x379.png 1024w, https:\/\/nuevolabea.criba.edu.ar\/wp-content\/uploads\/2025\/03\/eunk_es_ES-300x111.png 300w, https:\/\/nuevolabea.criba.edu.ar\/wp-content\/uploads\/2025\/03\/eunk_es_ES-768x284.png 768w, https:\/\/nuevolabea.criba.edu.ar\/wp-content\/uploads\/2025\/03\/eunk_es_ES.png 1134w\" sizes=\"(max-width: 1024px) 100vw, 1024px\" \/>\t\t\t\t\t\t\t\t<\/a>\n\t\t\t\t\t\t\t\t\t\t\t\t\t\t\t<\/div>\n\t\t\t\t<\/div>\n\t\t\t\t<\/div>\n\t\t<div class=\"elementor-element elementor-element-6be79d8 e-con-full e-flex e-con e-child\" data-id=\"6be79d8\" data-element_type=\"container\">\n\t\t\t\t<div class=\"elementor-element elementor-element-244d39e elementor-widget elementor-widget-image\" data-id=\"244d39e\" data-element_type=\"widget\" data-widget_type=\"image.default\">\n\t\t\t\t<div class=\"elementor-widget-container\">\n\t\t\t\t\t\t\t\t\t\t\t\t\t\t\t\t<a href=\"http:\/\/www.clarin.com\/sociedad\/invento-argentino-hallan-remedio-abejas_0_1547845581.html\">\n\t\t\t\t\t\t\t<img decoding=\"async\" src=\"https:\/\/nuevolabea.criba.edu.ar\/wp-content\/uploads\/elementor\/thumbs\/varroaClarin-r3j4zgshrf9ybo9zomwma6p4vl0o0u0qap90va7n0u.jpg\" title=\"varroaClarin\" alt=\"varroaClarin\" loading=\"lazy\" \/>\t\t\t\t\t\t\t\t<\/a>\n\t\t\t\t\t\t\t\t\t\t\t\t\t\t\t<\/div>\n\t\t\t\t<\/div>\n\t\t\t\t<\/div>\n\t\t\t\t\t<\/div>\n\t\t\t\t<\/div>\n\t\t\t\t<\/div>\n\t\t","protected":false},"excerpt":{"rendered":"<p>La apicultura constituye una importante fuente de trabajo y de ingresos en la Rep\u00fablica Argentina, cuya principal cuenca mel\u00edfera es [&hellip;]<\/p>\n","protected":false},"author":1,"featured_media":0,"parent":0,"menu_order":0,"comment_status":"closed","ping_status":"closed","template":"","meta":{"site-sidebar-layout":"no-sidebar","site-content-layout":"","ast-site-content-layout":"full-width-container","site-content-style":"default","site-sidebar-style":"default","ast-global-header-display":"","ast-banner-title-visibility":"","ast-main-header-display":"","ast-hfb-above-header-display":"","ast-hfb-below-header-display":"","ast-hfb-mobile-header-display":"","site-post-title":"disabled","ast-breadcrumbs-content":"","ast-featured-img":"disabled","footer-sml-layout":"","theme-transparent-header-meta":"","adv-header-id-meta":"","stick-header-meta":"","header-above-stick-meta":"","header-main-stick-meta":"","header-below-stick-meta":"","astra-migrate-meta-layouts":"default","ast-page-background-enabled":"default","ast-page-background-meta":{"desktop":{"background-color":"var(--ast-global-color-5)","background-image":"","background-repeat":"repeat","background-position":"center center","background-size":"auto","background-attachment":"scroll","background-type":"","background-media":"","overlay-type":"","overlay-color":"","overlay-opacity":"","overlay-gradient":""},"tablet":{"background-color":"","background-image":"","background-repeat":"repeat","background-position":"center center","background-size":"auto","background-attachment":"scroll","background-type":"","background-media":"","overlay-type":"","overlay-color":"","overlay-opacity":"","overlay-gradient":""},"mobile":{"background-color":"","background-image":"","background-repeat":"repeat","background-position":"center center","background-size":"auto","background-attachment":"scroll","background-type":"","background-media":"","overlay-type":"","overlay-color":"","overlay-opacity":"","overlay-gradient":""}},"ast-content-background-meta":{"desktop":{"background-color":"var(--ast-global-color-4)","background-image":"","background-repeat":"repeat","background-position":"center center","background-size":"auto","background-attachment":"scroll","background-type":"","background-media":"","overlay-type":"","overlay-color":"","overlay-opacity":"","overlay-gradient":""},"tablet":{"background-color":"var(--ast-global-color-4)","background-image":"","background-repeat":"repeat","background-position":"center center","background-size":"auto","background-attachment":"scroll","background-type":"","background-media":"","overlay-type":"","overlay-color":"","overlay-opacity":"","overlay-gradient":""},"mobile":{"background-color":"var(--ast-global-color-4)","background-image":"","background-repeat":"repeat","background-position":"center center","background-size":"auto","background-attachment":"scroll","background-type":"","background-media":"","overlay-type":"","overlay-color":"","overlay-opacity":"","overlay-gradient":""}},"footnotes":""},"class_list":["post-7","page","type-page","status-publish","hentry"],"_links":{"self":[{"href":"https:\/\/nuevolabea.criba.edu.ar\/index.php?rest_route=\/wp\/v2\/pages\/7","targetHints":{"allow":["GET"]}}],"collection":[{"href":"https:\/\/nuevolabea.criba.edu.ar\/index.php?rest_route=\/wp\/v2\/pages"}],"about":[{"href":"https:\/\/nuevolabea.criba.edu.ar\/index.php?rest_route=\/wp\/v2\/types\/page"}],"author":[{"embeddable":true,"href":"https:\/\/nuevolabea.criba.edu.ar\/index.php?rest_route=\/wp\/v2\/users\/1"}],"replies":[{"embeddable":true,"href":"https:\/\/nuevolabea.criba.edu.ar\/index.php?rest_route=%2Fwp%2Fv2%2Fcomments&post=7"}],"version-history":[{"count":24,"href":"https:\/\/nuevolabea.criba.edu.ar\/index.php?rest_route=\/wp\/v2\/pages\/7\/revisions"}],"predecessor-version":[{"id":163,"href":"https:\/\/nuevolabea.criba.edu.ar\/index.php?rest_route=\/wp\/v2\/pages\/7\/revisions\/163"}],"wp:attachment":[{"href":"https:\/\/nuevolabea.criba.edu.ar\/index.php?rest_route=%2Fwp%2Fv2%2Fmedia&parent=7"}],"curies":[{"name":"wp","href":"https:\/\/api.w.org\/{rel}","templated":true}]}}